{"id":6,"date":"2019-05-04T13:44:33","date_gmt":"2019-05-04T11:44:33","guid":{"rendered":"https:\/\/www.comunicacity.it\/segnalazioni\/?page_id=6"},"modified":"2019-05-04T14:00:15","modified_gmt":"2019-05-04T12:00:15","slug":"camaiore","status":"publish","type":"page","link":"https:\/\/www.comunicacity.it\/segnalazioni\/camaiore\/","title":{"rendered":"Camaiore"},"content":{"rendered":"<p>Compila il modulo sottostante per inviare a SEA Ambiente segnalazioni e richieste per la raccolta differenziata.<\/p>\n<script type=\"text\/javascript\">var gform;gform||(document.addEventListener(\"gform_main_scripts_loaded\",function(){gform.scriptsLoaded=!0}),window.addEventListener(\"DOMContentLoaded\",function(){gform.domLoaded=!0}),gform={domLoaded:!1,scriptsLoaded:!1,initializeOnLoaded:function(o){gform.domLoaded&&gform.scriptsLoaded?o():!gform.domLoaded&&gform.scriptsLoaded?window.addEventListener(\"DOMContentLoaded\",o):document.addEventListener(\"gform_main_scripts_loaded\",o)},hooks:{action:{},filter:{}},addAction:function(o,n,r,t){gform.addHook(\"action\",o,n,r,t)},addFilter:function(o,n,r,t){gform.addHook(\"filter\",o,n,r,t)},doAction:function(o){gform.doHook(\"action\",o,arguments)},applyFilters:function(o){return gform.doHook(\"filter\",o,arguments)},removeAction:function(o,n){gform.removeHook(\"action\",o,n)},removeFilter:function(o,n,r){gform.removeHook(\"filter\",o,n,r)},addHook:function(o,n,r,t,i){null==gform.hooks[o][n]&&(gform.hooks[o][n]=[]);var e=gform.hooks[o][n];null==i&&(i=n+\"_\"+e.length),gform.hooks[o][n].push({tag:i,callable:r,priority:t=null==t?10:t})},doHook:function(n,o,r){var t;if(r=Array.prototype.slice.call(r,1),null!=gform.hooks[n][o]&&((o=gform.hooks[n][o]).sort(function(o,n){return o.priority-n.priority}),o.forEach(function(o){\"function\"!=typeof(t=o.callable)&&(t=window[t]),\"action\"==n?t.apply(null,r):r[0]=t.apply(null,r)})),\"filter\"==n)return r[0]},removeHook:function(o,n,t,i){var r;null!=gform.hooks[o][n]&&(r=(r=gform.hooks[o][n]).filter(function(o,n,r){return!!(null!=i&&i!=o.tag||null!=t&&t!=o.priority)}),gform.hooks[o][n]=r)}});<\/script>\n                <div class='gf_browser_gecko gform_wrapper gform_legacy_markup_wrapper' id='gform_wrapper_1' ><form method='post' enctype='multipart\/form-data'  id='gform_1'  action='\/segnalazioni\/wp-json\/wp\/v2\/pages\/6' >\n                        <div class='gform_body gform-body'><ul id='gform_fields_1' class='gform_fields top_label form_sublabel_above description_above'><li id=\"field_1_1\" class=\"gfield gfield_contains_required field_sublabel_above field_description_above gfield_visibility_visible\" ><label class='gfield_label' for='input_1_1' >Nome<span class=\"gfield_required\"><span class=\"gfield_required gfield_required_asterisk\">*<\/span><\/span><\/label><div class='ginput_container ginput_container_text'><input name='input_1' id='input_1_1' type='text' value='' class='medium'     aria-required=\"true\" aria-invalid=\"false\"   \/> <\/div><\/li><li id=\"field_1_2\" class=\"gfield gfield_contains_required field_sublabel_above field_description_above gfield_visibility_visible\" ><label class='gfield_label' for='input_1_2' >Cognome<span class=\"gfield_required\"><span class=\"gfield_required gfield_required_asterisk\">*<\/span><\/span><\/label><div class='ginput_container ginput_container_text'><input name='input_2' id='input_1_2' type='text' value='' class='medium'     aria-required=\"true\" aria-invalid=\"false\"   \/> <\/div><\/li><li id=\"field_1_3\" class=\"gfield gfield_contains_required field_sublabel_above field_description_above gfield_visibility_visible\" ><label class='gfield_label' for='input_1_3' >Codice fiscale<span class=\"gfield_required\"><span class=\"gfield_required gfield_required_asterisk\">*<\/span><\/span><\/label><div class='ginput_container ginput_container_text'><input name='input_3' id='input_1_3' type='text' value='' class='medium'     aria-required=\"true\" aria-invalid=\"false\"   \/> <\/div><\/li><li id=\"field_1_4\" class=\"gfield gfield_contains_required field_sublabel_above field_description_above gfield_visibility_visible\" ><label class='gfield_label' for='input_1_4' >Telefono<span class=\"gfield_required\"><span class=\"gfield_required gfield_required_asterisk\">*<\/span><\/span><\/label><div class='ginput_container ginput_container_text'><input name='input_4' id='input_1_4' type='text' value='' class='medium'     aria-required=\"true\" aria-invalid=\"false\"   \/> <\/div><\/li><li id=\"field_1_5\" class=\"gfield field_sublabel_above field_description_above gfield_visibility_visible\" ><label class='gfield_label' for='input_1_5' >Email<\/label><div class='ginput_container ginput_container_email'>\n                            <input name='input_5' id='input_1_5' type='text' value='' class='medium'     aria-invalid=\"false\"  \/>\n                        <\/div><\/li><li id=\"field_1_6\" class=\"gfield gfield_contains_required field_sublabel_above field_description_above gfield_visibility_visible\" ><label class='gfield_label gfield_label_before_complex'  >Indirizzo<span class=\"gfield_required\"><span class=\"gfield_required gfield_required_asterisk\">*<\/span><\/span><\/label>    \n                    <div class='ginput_complex ginput_container has_street has_city has_zip ginput_container_address' id='input_1_6' >\n                         <span class='ginput_full address_line_1 ginput_address_line_1' id='input_1_6_1_container' >\n                                        <label for='input_1_6_1' id='input_1_6_1_label' >Via\/Piazza\/Corso e numero civico<\/label>\n                                        <input type='text' name='input_6.1' id='input_1_6_1' value=''    aria-required='true'    \/>\n                                   <\/span><span class='ginput_left address_city ginput_address_city' id='input_1_6_3_container' >\n                                    <label for='input_1_6_3' id='input_1_6_3_label' >Localit\u00e0<\/label>\n                                    <input type='text' name='input_6.3' id='input_1_6_3' value=''    aria-required='true'    \/>\n                                 <\/span><input type='hidden' class='gform_hidden' name='input_6.4' id='input_1_6_4' value=''\/><span class='ginput_right address_zip ginput_address_zip' id='input_1_6_5_container' >\n                                    <label for='input_1_6_5' id='input_1_6_5_label' >CAP \/ Codice postale<\/label>\n                                    <input type='text' name='input_6.5' id='input_1_6_5' value=''    aria-required='true'   \/>\n                                <\/span><input type='hidden' class='gform_hidden' name='input_6.6' id='input_1_6_6' value='Italia' \/>\n                    <div class='gf_clear gf_clear_complex'><\/div>\n                <\/div><\/li><li id=\"field_1_7\" class=\"gfield gfield_contains_required field_sublabel_above field_description_above gfield_visibility_visible\" ><label class='gfield_label' for='input_1_7' >Ambito della Segnalazione<span class=\"gfield_required\"><span class=\"gfield_required gfield_required_asterisk\">*<\/span><\/span><\/label><div class='ginput_container ginput_container_select'><select name='input_7' id='input_1_7' class='medium gfield_select'    aria-required=\"true\" aria-invalid=\"false\" ><option value='Segnalazioni e richieste di servizi' >Segnalazioni e richieste di servizi<\/option><option value='Comunicazioni amministrative' >Comunicazioni amministrative<\/option><option value='Segnalazione mancato ritiro' >Segnalazione mancato ritiro<\/option><option value='Richiesta ritiro ingombranti' >Richiesta ritiro ingombranti<\/option><\/select><\/div><\/li><li id=\"field_1_8\" class=\"gfield gfield_contains_required field_sublabel_above field_description_above gfield_visibility_visible\" ><label class='gfield_label' for='input_1_8' >Messaggio<span class=\"gfield_required\"><span class=\"gfield_required gfield_required_asterisk\">*<\/span><\/span><\/label><div class='gfield_description' id='gfield_description_1_8'>Spiega nel dettaglio il motivo della tua segnalazione<\/div><div class='ginput_container ginput_container_textarea'><textarea name='input_8' id='input_1_8' class='textarea medium'  aria-describedby=\"gfield_description_1_8\"   aria-required=\"true\" aria-invalid=\"false\"   rows='10' cols='50'><\/textarea><\/div><\/li><li id=\"field_1_10\" class=\"gfield field_sublabel_above field_description_above gfield_visibility_visible\" ><label class='gfield_label' for='gform_browse_button_1_10' >Immagini \/ Fotografie<\/label><div class='gfield_description' id='gfield_description_1_10'>Se desideri puoi inviare immagini o fotografie per spiegare meglio la tua segnalazione<\/div><div class='ginput_container ginput_container_fileupload'><div id='gform_multifile_upload_1_10' data-settings='{&quot;runtimes&quot;:&quot;html5,flash,html4&quot;,&quot;browse_button&quot;:&quot;gform_browse_button_1_10&quot;,&quot;container&quot;:&quot;gform_multifile_upload_1_10&quot;,&quot;drop_element&quot;:&quot;gform_drag_drop_area_1_10&quot;,&quot;filelist&quot;:&quot;gform_preview_1_10&quot;,&quot;unique_names&quot;:true,&quot;file_data_name&quot;:&quot;file&quot;,&quot;url&quot;:&quot;https:\\\/\\\/www.comunicacity.it\\\/segnalazioni\\\/?gf_page=7040fea17bdd242&quot;,&quot;flash_swf_url&quot;:&quot;https:\\\/\\\/www.comunicacity.it\\\/segnalazioni\\\/wp-includes\\\/js\\\/plupload\\\/plupload.flash.swf&quot;,&quot;silverlight_xap_url&quot;:&quot;https:\\\/\\\/www.comunicacity.it\\\/segnalazioni\\\/wp-includes\\\/js\\\/plupload\\\/plupload.silverlight.xap&quot;,&quot;filters&quot;:{&quot;mime_types&quot;:[{&quot;title&quot;:&quot;File consentiti&quot;,&quot;extensions&quot;:&quot;jpg,jpeg,gif,png,tif&quot;}],&quot;max_file_size&quot;:&quot;4294967296b&quot;},&quot;multipart&quot;:true,&quot;urlstream_upload&quot;:false,&quot;multipart_params&quot;:{&quot;form_id&quot;:1,&quot;field_id&quot;:10},&quot;gf_vars&quot;:{&quot;max_files&quot;:&quot;3&quot;,&quot;message_id&quot;:&quot;gform_multifile_messages_1_10&quot;,&quot;disallowed_extensions&quot;:[&quot;php&quot;,&quot;asp&quot;,&quot;aspx&quot;,&quot;cmd&quot;,&quot;csh&quot;,&quot;bat&quot;,&quot;html&quot;,&quot;htm&quot;,&quot;hta&quot;,&quot;jar&quot;,&quot;exe&quot;,&quot;com&quot;,&quot;js&quot;,&quot;lnk&quot;,&quot;htaccess&quot;,&quot;phtml&quot;,&quot;ps1&quot;,&quot;ps2&quot;,&quot;php3&quot;,&quot;php4&quot;,&quot;php5&quot;,&quot;php6&quot;,&quot;py&quot;,&quot;rb&quot;,&quot;tmp&quot;]}}' class='gform_fileupload_multifile'>\n\t\t\t\t\t\t\t\t\t\t<div id='gform_drag_drop_area_1_10' class='gform_drop_area'>\n\t\t\t\t\t\t\t\t\t\t\t<span class='gform_drop_instructions'>Trascina i file qui oppure <\/span>\n\t\t\t\t\t\t\t\t\t\t\t<button type='button' id='gform_browse_button_1_10' class='button gform_button_select_files' aria-describedby=\"gfield_upload_rules_1_10 gfield_description_1_10\"  >Seleziona i file<\/button>\n\t\t\t\t\t\t\t\t\t\t<\/div>\n\t\t\t\t\t\t\t\t\t<\/div><span class='gform_fileupload_rules' id='gfield_upload_rules_1_10'>Tipi di file accettati: jpg, jpeg, gif, png, tif, Dimensione max del file: 4 GB, Numero max di file: 3.<\/span><ul class='validation_message validation_message--hidden-on-empty gfield_validation_message gform-ul-reset' id='gform_multifile_messages_1_10'><\/ul> <!-- Leave <ul> empty to support CSS :empty selector. --><\/div><div id='gform_preview_1_10'><\/div><\/li><li id=\"field_1_11\" class=\"gfield gfield_contains_required field_sublabel_above field_description_above gfield_visibility_visible\" ><label class='gfield_label gfield_label_before_complex'  >Consenso al trattamento dei dati personali<span class=\"gfield_required\"><span class=\"gfield_required gfield_required_asterisk\">*<\/span><\/span><\/label><div class='gfield_description gfield_consent_description' id='gfield_consent_description_1_11'>SEA AMBIENTE S.P.A.<br \/>\nPrivacy Policy - Informativa per il trattamento dei dati personali<br \/>\nLa presente informativa \u00e8 resa ai sensi degli articoli 13 e 14 del Regolamento europeo n. 679\/2016,<br \/>\n\u201cGDPR\u201d.<br \/>\nIl trattamento sar\u00e0 improntato ai principi di correttezza, liceit\u00e0, trasparenza e di tutela della Sua<br \/>\nriservatezza e dei Suoi diritti.<br \/>\nAi sensi dei predetti articoli e s.m.i., si forniscono le seguenti informazioni:<br \/>\n1. Titolare del trattamento - Il Titolare del trattamento \u00e8 la Societ\u00e0 SEA AMBIENTE S.p.A., con<br \/>\nsede legale in Vietta dei Comparini n. 186, 55049 Viareggio (LU) - Tel. 0584 38601, Fax 0584 3860244.<br \/>\n2. Responsabili del trattamento - L\u2019elenco aggiornato dei Responsabili del trattamento \u00e8 consultabile<br \/>\npresso la sede aziendale.<br \/>\n3. Base giuridica del trattamento - Il trattamento dei Suoi dati avverr\u00e0 ai fini istituzionali per lo<br \/>\nsvolgimento delle prestazioni richieste, per le finalit\u00e0 connesse o strumentali alla nostra attivit\u00e0, ivi<br \/>\ncomprese esigenze di tipo operativo, gestionale e di assistenza all\u2019utenza, e per poter adempiere ai<br \/>\nrelativi obblighi di legge, o ancora, sulla base del consenso da Lei fornito.<br \/>\n4. Modalit\u00e0 del trattamento - Il trattamento dei dati personali avviene mediante strumenti manuali,<br \/>\ninformatici e telematici, con logiche e mediante forme di organizzazione degli stessi strettamente<br \/>\ncorrelate agli obblighi, compiti o alle finalit\u00e0 del trattamento, e, comunque, in modo da garantire la<br \/>\nsicurezza e la riservatezza dei dati stessi.<br \/>\n5. Destinatari e Comunicazione dei dati - I destinatari del trattamento sono i responsabili del<br \/>\ntrattamento e gli incaricati del trattamento. I dati personali non saranno oggetto di diffusione. I dati<br \/>\noggetto del trattamento potranno essere comunicati a terzi, esclusivamente per esigenze tecniche e<br \/>\noperative strettamente collegate alle finalit\u00e0 sopra enunciate. In particolare, a terzi addetti<br \/>\nall\u2019adempimento di compiti amministrativi, contabili e gestionali legati all\u2019ordinario svolgimento<br \/>\ndell\u2019attivit\u00e0, nonch\u00e9 alle pubbliche autorit\u00e0 ed amministrazioni per le finalit\u00e0 connesse all\u2019adempimento<br \/>\ndegli obblighi di legge.<br \/>\n6. Conservazione dei dati - I dati personali saranno conservati per il tempo necessario ad adempiere<br \/>\nalle finalit\u00e0 di cui sopra, e comunque, in conformit\u00e0 alla normativa vigente.<br \/>\n7. Diritti dell\u2019interessato - Lei potr\u00e0, in qualsiasi momento: accedere ai Suoi dati personali; ottenere la<br \/>\nrettifica o la cancellazione degli stessi o la limitazione del trattamento che lo riguardano; opporsi al<br \/>\ntrattamento; esercitare il diritto alla portabilit\u00e0 dei Suoi dati; revocare il consenso; proporre reclamo<br \/>\nall\u2019Autorit\u00e0 di controllo (Garante Privacy). L\u2019esercizio dei Suoi diritti potr\u00e0 avvenire attraverso l\u2019invio di<br \/>\nuna richiesta via email all\u2019indirizzo segreteria@seaambiente-spa.it. <\/div><div class='ginput_container ginput_container_consent'><input name='input_11.1' id='input_1_11_1' type='checkbox' value='1'  aria-describedby=\"gfield_consent_description_1_11 gfield_description_1_11\" aria-required=\"true\" aria-invalid=\"false\"   \/> <label class=\"gfield_consent_label\" for='input_1_11_1' >Sottoscrivo la condizioni per il trattamento dei dati personali<\/label><input type='hidden' name='input_11.2' value='Sottoscrivo la condizioni per il trattamento dei dati personali' class='gform_hidden' \/><input type='hidden' name='input_11.3' value='1' class='gform_hidden' \/><\/div><\/li><li id=\"field_1_9\" class=\"gfield field_sublabel_above field_description_above gfield_visibility_visible\" ><label class='gfield_label' for='input_1_9' >CAPTCHA<\/label><div id='input_1_9' class='ginput_container ginput_recaptcha' data-sitekey='6Lf7mh8TAAAAAHkAmHuESoEzGy1NIEkyYIqsHRSK'  data-theme='light' data-tabindex='0'  data-badge=''><\/div><\/li><\/ul><\/div>\n        <div class='gform_footer top_label'> <input type='submit' id='gform_submit_button_1' class='gform_button button' value='Invia Segnalazione'  onclick='if(window[\"gf_submitting_1\"]){return false;}  window[\"gf_submitting_1\"]=true;  ' onkeypress='if( event.keyCode == 13 ){ if(window[\"gf_submitting_1\"]){return false;} window[\"gf_submitting_1\"]=true;  jQuery(\"#gform_1\").trigger(\"submit\",[true]); }' \/> \n            <input type='hidden' class='gform_hidden' name='is_submit_1' value='1' \/>\n            <input type='hidden' class='gform_hidden' name='gform_submit' value='1' \/>\n            \n            <input type='hidden' class='gform_hidden' name='gform_unique_id' value='' \/>\n            <input type='hidden' class='gform_hidden' name='state_1' value='WyJ7XCIxMS4xXCI6XCI4YjI2ZmFiODg1YTgyZDY0YmZlNTM5MmFiNWViYTliY1wiLFwiMTEuMlwiOlwiNjhkZTE5ZjRkZjc1ZjdkNWI1YWVlMTg4NzYzY2VlOWZcIixcIjExLjNcIjpcIjhiMjZmYWI4ODVhODJkNjRiZmU1MzkyYWI1ZWJhOWJjXCJ9IiwiOGMxNTYzOTAwMDgyOTJiY2Q1MTFjZjY1M2EyMDNiNDgiXQ==' \/>\n            <input type='hidden' class='gform_hidden' name='gform_target_page_number_1' id='gform_target_page_number_1' value='0' \/>\n            <input type='hidden' class='gform_hidden' name='gform_source_page_number_1' id='gform_source_page_number_1' value='1' \/>\n            <input type='hidden' name='gform_field_values' value='' \/>\n            <input type='hidden' name='gform_uploaded_files' id='gform_uploaded_files_1' value='' \/>\n        <\/div>\n                        <\/form>\n                        <\/div>\n","protected":false},"excerpt":{"rendered":"<p>Compila il modulo sottostante per inviare a SEA Ambiente segnalazioni [&hellip;]<\/p>\n","protected":false},"author":1,"featured_media":0,"parent":0,"menu_order":0,"comment_status":"closed","ping_status":"closed","template":"blank.php","meta":[],"_links":{"self":[{"href":"https:\/\/www.comunicacity.it\/segnalazioni\/wp-json\/wp\/v2\/pages\/6"}],"collection":[{"href":"https:\/\/www.comunicacity.it\/segnalazioni\/wp-json\/wp\/v2\/pages"}],"about":[{"href":"https:\/\/www.comunicacity.it\/segnalazioni\/wp-json\/wp\/v2\/types\/page"}],"author":[{"embeddable":true,"href":"https:\/\/www.comunicacity.it\/segnalazioni\/wp-json\/wp\/v2\/users\/1"}],"replies":[{"embeddable":true,"href":"https:\/\/www.comunicacity.it\/segnalazioni\/wp-json\/wp\/v2\/comments?post=6"}],"version-history":[{"count":4,"href":"https:\/\/www.comunicacity.it\/segnalazioni\/wp-json\/wp\/v2\/pages\/6\/revisions"}],"predecessor-version":[{"id":10,"href":"https:\/\/www.comunicacity.it\/segnalazioni\/wp-json\/wp\/v2\/pages\/6\/revisions\/10"}],"wp:attachment":[{"href":"https:\/\/www.comunicacity.it\/segnalazioni\/wp-json\/wp\/v2\/media?parent=6"}],"curies":[{"name":"wp","href":"https:\/\/api.w.org\/{rel}","templated":true}]}}